{"id":752,"date":"2018-04-13T12:45:24","date_gmt":"2018-04-13T09:45:24","guid":{"rendered":"http:\/\/www.ayjalkapallo.info\/?page_id=752"},"modified":"2019-01-07T01:28:51","modified_gmt":"2019-01-06T23:28:51","slug":"turnauskuvat","status":"publish","type":"page","link":"http:\/\/www.ayjalkapallo.info\/?page_id=752","title":{"rendered":"TURNAUSKUVAT"},"content":{"rendered":"<p>Kuvagalleriaan on lis\u00e4tty kuvia t\u00e4m\u00e4n vuoden turnauksesta.\u00a0 \u00a0Alla olevassa kuvassa voittajajoukkue Peace Unitedin Miikka H\u00e4m\u00e4l\u00e4inen pit\u00e4\u00e4 finaalin j\u00e4lkeen puheen,\u00a0 jossa muisteltiin edesmennytt\u00e4 Reijo Virtasta.<\/p>\n<p><img loading=\"lazy\" class=\"alignnone size-full wp-image-753\" src=\"http:\/\/www.ayjalkapallo.info\/wp-content\/uploads\/2018\/04\/miiikka.jpg\" alt=\"\" width=\"4640\" height=\"3480\" srcset=\"http:\/\/www.ayjalkapallo.info\/wp-content\/uploads\/2018\/04\/miiikka.jpg 4640w, http:\/\/www.ayjalkapallo.info\/wp-content\/uploads\/2018\/04\/miiikka-300x225.jpg 300w, http:\/\/www.ayjalkapallo.info\/wp-content\/uploads\/2018\/04\/miiikka-768x576.jpg 768w, http:\/\/www.ayjalkapallo.info\/wp-content\/uploads\/2018\/04\/miiikka-1024x768.jpg 1024w, http:\/\/www.ayjalkapallo.info\/wp-content\/uploads\/2018\/04\/miiikka-624x468.jpg 624w\" sizes=\"(max-width: 4640px) 100vw, 4640px\" \/><\/p>\n","protected":false},"excerpt":{"rendered":"<p>Kuvagalleriaan on lis\u00e4tty kuvia t\u00e4m\u00e4n vuoden turnauksesta.\u00a0 \u00a0Alla olevassa kuvassa voittajajoukkue Peace Unitedin Miikka H\u00e4m\u00e4l\u00e4inen pit\u00e4\u00e4 finaalin j\u00e4lkeen puheen,\u00a0 jossa muisteltiin edesmennytt\u00e4 Reijo Virtasta.<\/p>\n","protected":false},"author":3,"featured_media":0,"parent":0,"menu_order":0,"comment_status":"closed","ping_status":"closed","template":"","meta":{"ocean_post_layout":"","ocean_both_sidebars_style":"","ocean_both_sidebars_content_width":0,"ocean_both_sidebars_sidebars_width":0,"ocean_sidebar":"0","ocean_second_sidebar":"0","ocean_disable_margins":"enable","ocean_add_body_class":"","ocean_shortcode_before_top_bar":"","ocean_shortcode_after_top_bar":"","ocean_shortcode_before_header":"","ocean_shortcode_after_header":"","ocean_has_shortcode":"","ocean_shortcode_after_title":"","ocean_shortcode_before_footer_widgets":"","ocean_shortcode_after_footer_widgets":"","ocean_shortcode_before_footer_bottom":"","ocean_shortcode_after_footer_bottom":"","ocean_display_top_bar":"default","ocean_display_header":"default","ocean_header_style":"","ocean_center_header_left_menu":"0","ocean_custom_header_template":"0","ocean_custom_logo":0,"ocean_custom_retina_logo":0,"ocean_custom_logo_max_width":0,"ocean_custom_logo_tablet_max_width":0,"ocean_custom_logo_mobile_max_width":0,"ocean_custom_logo_max_height":0,"ocean_custom_logo_tablet_max_height":0,"ocean_custom_logo_mobile_max_height":0,"ocean_header_custom_menu":"0","ocean_menu_typo_font_family":"0","ocean_menu_typo_font_subset":"","ocean_menu_typo_font_size":0,"ocean_menu_typo_font_size_tablet":0,"ocean_menu_typo_font_size_mobile":0,"ocean_menu_typo_font_size_unit":"px","ocean_menu_typo_font_weight":"","ocean_menu_typo_font_weight_tablet":"","ocean_menu_typo_font_weight_mobile":"","ocean_menu_typo_transform":"","ocean_menu_typo_transform_tablet":"","ocean_menu_typo_transform_mobile":"","ocean_menu_typo_line_height":0,"ocean_menu_typo_line_height_tablet":0,"ocean_menu_typo_line_height_mobile":0,"ocean_menu_typo_line_height_unit":"","ocean_menu_typo_spacing":0,"ocean_menu_typo_spacing_tablet":0,"ocean_menu_typo_spacing_mobile":0,"ocean_menu_typo_spacing_unit":"","ocean_menu_link_color":"","ocean_menu_link_color_hover":"","ocean_menu_link_color_active":"","ocean_menu_link_background":"","ocean_menu_link_hover_background":"","ocean_menu_link_active_background":"","ocean_menu_social_links_bg":"","ocean_menu_social_hover_links_bg":"","ocean_menu_social_links_color":"","ocean_menu_social_hover_links_color":"","ocean_disable_title":"enable","ocean_disable_heading":"default","ocean_post_title":"","ocean_post_subheading":"","ocean_post_title_style":"centered","ocean_post_title_background_color":"","ocean_post_title_background":0,"ocean_post_title_bg_image_position":"","ocean_post_title_bg_image_attachment":"","ocean_post_title_bg_image_repeat":"","ocean_post_title_bg_image_size":"","ocean_post_title_height":0,"ocean_post_title_bg_overlay":0.5,"ocean_post_title_bg_overlay_color":"","ocean_disable_breadcrumbs":"default","ocean_breadcrumbs_color":"","ocean_breadcrumbs_separator_color":"","ocean_breadcrumbs_links_color":"","ocean_breadcrumbs_links_hover_color":"","ocean_display_footer_widgets":"default","ocean_display_footer_bottom":"default","ocean_custom_footer_template":"0"},"_links":{"self":[{"href":"http:\/\/www.ayjalkapallo.info\/index.php?rest_route=\/wp\/v2\/pages\/752"}],"collection":[{"href":"http:\/\/www.ayjalkapallo.info\/index.php?rest_route=\/wp\/v2\/pages"}],"about":[{"href":"http:\/\/www.ayjalkapallo.info\/index.php?rest_route=\/wp\/v2\/types\/page"}],"author":[{"embeddable":true,"href":"http:\/\/www.ayjalkapallo.info\/index.php?rest_route=\/wp\/v2\/users\/3"}],"replies":[{"embeddable":true,"href":"http:\/\/www.ayjalkapallo.info\/index.php?rest_route=%2Fwp%2Fv2%2Fcomments&post=752"}],"version-history":[{"count":1,"href":"http:\/\/www.ayjalkapallo.info\/index.php?rest_route=\/wp\/v2\/pages\/752\/revisions"}],"predecessor-version":[{"id":754,"href":"http:\/\/www.ayjalkapallo.info\/index.php?rest_route=\/wp\/v2\/pages\/752\/revisions\/754"}],"wp:attachment":[{"href":"http:\/\/www.ayjalkapallo.info\/index.php?rest_route=%2Fwp%2Fv2%2Fmedia&parent=752"}],"curies":[{"name":"wp","href":"https:\/\/api.w.org\/{rel}","templated":true}]}}